{"id":913,"date":"2023-02-06T08:53:20","date_gmt":"2023-02-06T08:53:20","guid":{"rendered":"https:\/\/www.hotel-stolteraa.de\/impressum\/"},"modified":"2024-09-30T12:14:26","modified_gmt":"2024-09-30T12:14:26","slug":"imprint","status":"publish","type":"page","link":"https:\/\/www.hotel-stolteraa.de\/en\/imprint\/","title":{"rendered":"Imprint"},"content":{"rendered":"<h1>Imprint<\/h1>\n<div>\n<p><strong>WARO Grundst\u00fccksgesellschaft mbH<br \/>Hotel Stolteraa<\/strong><br \/>Strandweg 17<br \/>18119 Rostock-Warnem\u00fcnde<\/p>\n<p><strong>Represented by: <\/strong>Dr. Rolf Rainer M\u00fcller<\/p>\n<p><strong>Responsible for the content:<\/strong><br \/>Hans-Joachim Kr\u00fcger<br \/><span>Alte Warnem\u00fcnder Chaussee 41, 18109 Rostock<\/span><\/p>\n<p><strong>Email:<\/strong> info@hotel-stolteraa.de<br \/><strong>Phone:<\/strong> +49 (0) 381 54320<br \/><strong>Fax: <\/strong>+49 (0) 381 5432 151<strong><\/strong><strong><\/strong><\/p>\n<p><strong>Register court:<\/strong> Amtsgericht Rostock<\/p>\n<p><strong>Register number:<\/strong> 8179<\/p>\n<p><strong>Supervisory authority: <\/strong>Stadtverwaltung der Hansestadt Rostock<\/p>\n<p><strong>Sales tax ID:<\/strong> DE209811831<\/p>\n<\/div>\n<div><h3>Dispute resolution<\/h3>\r\n<p>Online dispute resolution pursuant to Art. 14 para. 1 ODR-VO:\r\nThe European Commission provides a platform for online dispute resolution (OS), which you can find at http:\/\/ec.europa.eu\/consumers\/odr.\r\n<\/p>\r\n<p>We do not participate in dispute resolution proceedings before a consumer arbitration board.<\/p>\r\n<h3>Copyright<\/h3>\r\n<p>The content and works created by the site operators on these pages are subject to German copyright law. Reproduction, editing, distribution and any kind of utilisation outside the limits of copyright law require the written consent of the respective author or creator. Downloads and copies of this site are only permitted for private, non-commercial use. Insofar as the content on this site was not created by the operator, the copyrights of third parties are respected. In particular, third-party content is labelled as such. Should you nevertheless become aware of a copyright infringement, please inform us accordingly. If we become aware of any infringements, we will remove such content immediately.<\/p>\r\n<h3>Design & realisation<\/h3>\r\n<p>Berendsohn AG | <a href=\"https:\/\/www.berendsohn.de\/\" target=\"_blank\" rel=\"noopener\">www.berendsohn.de<\/a><\/p><\/div>\n<p><!--more--><br \/>\n<!-- {\"type\":\"layout\",\"children\":[{\"type\":\"section\",\"props\":{\"image_position\":\"center-center\",\"style\":\"muted\",\"title_breakpoint\":\"xl\",\"title_position\":\"top-left\",\"title_rotation\":\"left\",\"vertical_align\":\"middle\",\"width\":\"large\"},\"children\":[{\"type\":\"row\",\"children\":[{\"type\":\"column\",\"props\":{\"image_position\":\"center-center\",\"position_sticky_breakpoint\":\"m\"},\"children\":[{\"type\":\"headline\",\"props\":{\"content\":\"Imprint\",\"title_element\":\"h1\"},\"name\":\"Impressum \\u00dcberschrift\"}]}]},{\"type\":\"row\",\"children\":[{\"type\":\"column\",\"props\":{\"image_position\":\"center-center\",\"position_sticky_breakpoint\":\"m\",\"width_medium\":\"2-5\"},\"children\":[{\"type\":\"text\",\"props\":{\"column_breakpoint\":\"m\",\"content\":\"\n\n<p><strong>WARO Grundst\\u00fccksgesellschaft mbH<br \\\/>Hotel Stolteraa<\\\/strong><br \\\/>Strandweg 17<br \\\/>18119 Rostock-Warnem\\u00fcnde<\\\/p>\\n\n\n<p><strong>Represented by: <\\\/strong>Dr. Rolf Rainer M\\u00fcller<\\\/p>\\n\n\n<p><strong>Responsible for the content:<\\\/strong><br \\\/>Hans-Joachim Kr\\u00fcger<br \\\/><span>Alte Warnem\\u00fcnder Chaussee 41, 18109 Rostock<\\\/span><\\\/p>\\n\n\n<p><strong>Email:<\\\/strong> info@hotel-stolteraa.de<br \\\/><strong>Phone:<\\\/strong> +49 (0) 381 54320<br \\\/><strong>Fax: <\\\/strong>+49 (0) 381 5432 151<strong><\\\/strong><strong><\\\/strong><\\\/p>\\n\n\n<p><strong>Register court:<\\\/strong> Amtsgericht Rostock<\\\/p>\\n\n\n<p><strong>Register number:<\\\/strong> 8179<\\\/p>\\n\n\n<p><strong>Supervisory authority: <\\\/strong>Stadtverwaltung der Hansestadt Rostock<\\\/p>\\n\n\n<p><strong>Sales tax ID:<\\\/strong> DE209811831<\\\/p>\",\"margin\":\"default\"},\"name\":\"Kundendaten eintragen\"}]},{\"type\":\"column\",\"props\":{\"image_position\":\"center-center\",\"position_sticky_breakpoint\":\"m\",\"width_medium\":\"3-5\"},\"children\":[{\"type\":\"text\",\"props\":{\"column_breakpoint\":\"m\",\"content\":\"[impressum-englisch]\",\"css\":\".el-element h3{\\ntext-transform:none;\\n    font-size:15px;\\n    margin-bottom:0;\\n    font-weight:900;\\n    color:#3B5C7F;\\n    margin-bottom:0;\\n    margin-top:0;\\n}\\n.el-element * + p{\\n  margin-top: 0px;\\n}\",\"margin\":\"default\"},\"name\":\"Impressumstext\"}]}],\"props\":{\"layout\":\"2-5,3-5\"}}]}],\"version\":\"4.3.5\"} --><\/p>\n","protected":false},"excerpt":{"rendered":"<p>Imprint WARO Grundst\u00fccksgesellschaft mbHHotel StolteraaStrandweg 1718119 Rostock-Warnem\u00fcnde Represented by: Dr. Rolf Rainer M\u00fcller Responsible for the content:Hans-Joachim Kr\u00fcgerAlte Warnem\u00fcnder Chaussee 41, 18109 Rostock Email: info@hotel-stolteraa.dePhone: +49 (0) 381 54320Fax: +49 (0) 381 5432 151 Register court: Amtsgericht Rostock Register number: 8179 Supervisory authority: Stadtverwaltung der Hansestadt Rostock Sales tax ID: DE209811831<\/p>\n","protected":false},"author":19,"featured_media":0,"parent":0,"menu_order":0,"comment_status":"closed","ping_status":"closed","template":"","meta":{"footnotes":""},"class_list":["post-913","page","type-page","status-publish","hentry"],"yoast_head":"<!-- This site is optimized with the Yoast SEO plugin v27.5 - https:\/\/yoast.com\/product\/yoast-seo-wordpress\/ -->\n<title>Imprint - Hotel Stolteraa<\/title>\n<meta name=\"description\" content=\"Hier finden Sie die Impressumsangaben des Hotel Stolteraa in Warnem\u00fcnde\" \/>\n<meta name=\"robots\" content=\"index, follow, max-snippet:-1, max-image-preview:large, max-video-preview:-1\" \/>\n<link rel=\"canonical\" href=\"https:\/\/www.hotel-stolteraa.de\/en\/imprint\/\" \/>\n<meta property=\"og:locale\" content=\"en_US\" \/>\n<meta property=\"og:type\" content=\"article\" \/>\n<meta property=\"og:title\" content=\"Imprint - Hotel Stolteraa\" \/>\n<meta property=\"og:description\" content=\"Hier finden Sie die Impressumsangaben des Hotel Stolteraa in Warnem\u00fcnde\" \/>\n<meta property=\"og:url\" content=\"https:\/\/www.hotel-stolteraa.de\/en\/imprint\/\" \/>\n<meta property=\"og:site_name\" content=\"Hotel Stolteraa\" \/>\n<meta property=\"article:modified_time\" content=\"2024-09-30T12:14:26+00:00\" \/>\n<meta name=\"twitter:card\" content=\"summary_large_image\" \/>\n<script type=\"application\/ld+json\" class=\"yoast-schema-graph\">{\"@context\":\"https:\\\/\\\/schema.org\",\"@graph\":[{\"@type\":\"WebPage\",\"@id\":\"https:\\\/\\\/www.hotel-stolteraa.de\\\/en\\\/imprint\\\/\",\"url\":\"https:\\\/\\\/www.hotel-stolteraa.de\\\/en\\\/imprint\\\/\",\"name\":\"Imprint - Hotel Stolteraa\",\"isPartOf\":{\"@id\":\"https:\\\/\\\/www.hotel-stolteraa.de\\\/en\\\/#website\"},\"datePublished\":\"2023-02-06T08:53:20+00:00\",\"dateModified\":\"2024-09-30T12:14:26+00:00\",\"description\":\"Hier finden Sie die Impressumsangaben des Hotel Stolteraa in Warnem\u00fcnde\",\"breadcrumb\":{\"@id\":\"https:\\\/\\\/www.hotel-stolteraa.de\\\/en\\\/imprint\\\/#breadcrumb\"},\"inLanguage\":\"en-US\",\"potentialAction\":[{\"@type\":\"ReadAction\",\"target\":[\"https:\\\/\\\/www.hotel-stolteraa.de\\\/en\\\/imprint\\\/\"]}]},{\"@type\":\"BreadcrumbList\",\"@id\":\"https:\\\/\\\/www.hotel-stolteraa.de\\\/en\\\/imprint\\\/#breadcrumb\",\"itemListElement\":[{\"@type\":\"ListItem\",\"position\":1,\"name\":\"Startseite\",\"item\":\"https:\\\/\\\/www.hotel-stolteraa.de\\\/en\\\/\"},{\"@type\":\"ListItem\",\"position\":2,\"name\":\"Imprint\"}]},{\"@type\":\"WebSite\",\"@id\":\"https:\\\/\\\/www.hotel-stolteraa.de\\\/en\\\/#website\",\"url\":\"https:\\\/\\\/www.hotel-stolteraa.de\\\/en\\\/\",\"name\":\"Hotel Stolteraa\",\"description\":\"in Warnem\u00fcnde an der Ostsee\",\"potentialAction\":[{\"@type\":\"SearchAction\",\"target\":{\"@type\":\"EntryPoint\",\"urlTemplate\":\"https:\\\/\\\/www.hotel-stolteraa.de\\\/en\\\/?s={search_term_string}\"},\"query-input\":{\"@type\":\"PropertyValueSpecification\",\"valueRequired\":true,\"valueName\":\"search_term_string\"}}],\"inLanguage\":\"en-US\"}]}<\/script>\n<!-- \/ Yoast SEO plugin. -->","yoast_head_json":{"title":"Imprint - Hotel Stolteraa","description":"Hier finden Sie die Impressumsangaben des Hotel Stolteraa in Warnem\u00fcnde","robots":{"index":"index","follow":"follow","max-snippet":"max-snippet:-1","max-image-preview":"max-image-preview:large","max-video-preview":"max-video-preview:-1"},"canonical":"https:\/\/www.hotel-stolteraa.de\/en\/imprint\/","og_locale":"en_US","og_type":"article","og_title":"Imprint - Hotel Stolteraa","og_description":"Hier finden Sie die Impressumsangaben des Hotel Stolteraa in Warnem\u00fcnde","og_url":"https:\/\/www.hotel-stolteraa.de\/en\/imprint\/","og_site_name":"Hotel Stolteraa","article_modified_time":"2024-09-30T12:14:26+00:00","twitter_card":"summary_large_image","schema":{"@context":"https:\/\/schema.org","@graph":[{"@type":"WebPage","@id":"https:\/\/www.hotel-stolteraa.de\/en\/imprint\/","url":"https:\/\/www.hotel-stolteraa.de\/en\/imprint\/","name":"Imprint - Hotel Stolteraa","isPartOf":{"@id":"https:\/\/www.hotel-stolteraa.de\/en\/#website"},"datePublished":"2023-02-06T08:53:20+00:00","dateModified":"2024-09-30T12:14:26+00:00","description":"Hier finden Sie die Impressumsangaben des Hotel Stolteraa in Warnem\u00fcnde","breadcrumb":{"@id":"https:\/\/www.hotel-stolteraa.de\/en\/imprint\/#breadcrumb"},"inLanguage":"en-US","potentialAction":[{"@type":"ReadAction","target":["https:\/\/www.hotel-stolteraa.de\/en\/imprint\/"]}]},{"@type":"BreadcrumbList","@id":"https:\/\/www.hotel-stolteraa.de\/en\/imprint\/#breadcrumb","itemListElement":[{"@type":"ListItem","position":1,"name":"Startseite","item":"https:\/\/www.hotel-stolteraa.de\/en\/"},{"@type":"ListItem","position":2,"name":"Imprint"}]},{"@type":"WebSite","@id":"https:\/\/www.hotel-stolteraa.de\/en\/#website","url":"https:\/\/www.hotel-stolteraa.de\/en\/","name":"Hotel Stolteraa","description":"in Warnem\u00fcnde an der Ostsee","potentialAction":[{"@type":"SearchAction","target":{"@type":"EntryPoint","urlTemplate":"https:\/\/www.hotel-stolteraa.de\/en\/?s={search_term_string}"},"query-input":{"@type":"PropertyValueSpecification","valueRequired":true,"valueName":"search_term_string"}}],"inLanguage":"en-US"}]}},"_links":{"self":[{"href":"https:\/\/www.hotel-stolteraa.de\/en\/wp-json\/wp\/v2\/pages\/913","targetHints":{"allow":["GET"]}}],"collection":[{"href":"https:\/\/www.hotel-stolteraa.de\/en\/wp-json\/wp\/v2\/pages"}],"about":[{"href":"https:\/\/www.hotel-stolteraa.de\/en\/wp-json\/wp\/v2\/types\/page"}],"author":[{"embeddable":true,"href":"https:\/\/www.hotel-stolteraa.de\/en\/wp-json\/wp\/v2\/users\/19"}],"replies":[{"embeddable":true,"href":"https:\/\/www.hotel-stolteraa.de\/en\/wp-json\/wp\/v2\/comments?post=913"}],"version-history":[{"count":4,"href":"https:\/\/www.hotel-stolteraa.de\/en\/wp-json\/wp\/v2\/pages\/913\/revisions"}],"predecessor-version":[{"id":999,"href":"https:\/\/www.hotel-stolteraa.de\/en\/wp-json\/wp\/v2\/pages\/913\/revisions\/999"}],"wp:attachment":[{"href":"https:\/\/www.hotel-stolteraa.de\/en\/wp-json\/wp\/v2\/media?parent=913"}],"curies":[{"name":"wp","href":"https:\/\/api.w.org\/{rel}","templated":true}]}}